{"id":2,"date":"2019-02-18T07:59:10","date_gmt":"2019-02-18T07:59:10","guid":{"rendered":"http:\/\/15504716349768.sritis.lt\/?page_id=2"},"modified":"2025-03-12T21:14:42","modified_gmt":"2025-03-12T21:14:42","slug":"sample-page","status":"publish","type":"page","link":"https:\/\/dackeviciute.org\/index.php\/sample-page\/","title":{"rendered":"CV"},"content":{"rendered":"\n<p><strong>Solo, duo, trio sculpture and installations exhibitions<\/strong>:<\/p>\n\n\n\n<p>2025 solo show of sculptural objects Ecological variations at The Oak Grove library (Kaunas county public library), Kaunas, Lithuania.<\/p>\n\n\n\n<p>2021 installations solo show \u201c(Ecological) Alterations\u201d at Klaip\u0117da Culture Communications Centre, Lithuania.<\/p>\n\n\n\n<p>2018 installations show \u201cAlterations\u201d in the two artists exhibition, St. John\u2019s Street Gallery,&nbsp;Vilnius, Lithuania.<\/p>\n\n\n\n<p>2016 installations show \u201cCollision of Nature and Culture\u201d in the three artists exhibition \u201cMutual zone\u201d, Meno parkas gallery, Kaunas, Lithuania.<\/p>\n\n\n\n<p>2015 &nbsp;solo sculpture exhibition, Kaunas\u2018 Castle, Kaunas, Lithuania.<\/p>\n\n\n\n<p>2014 &nbsp;solo sculpture exhibition \u201eAnatomy\u201c,&nbsp;St. John\u2019s Street Gallery,&nbsp;Vilnius, Lithuania.<\/p>\n\n\n\n<p>2013&nbsp;&nbsp;solo sculpture exhibition,&nbsp;Artist\u2019s House,&nbsp;Kaunas, Lithuania.<\/p>\n\n\n\n<p>2013 &nbsp;solo sculpture exhibition,&nbsp;St. John\u2019s Street Gallery,&nbsp;Vilnius, Lithuania.<\/p>\n\n\n\n<p><strong>Awards<\/strong>:<\/p>\n\n\n\n<p>2017 &nbsp;Diploma of the Lithuanian Artists Association in the exhibition \u201eThe Best artwork of the year 2016\u201c (for the triptych \u201cCollision of Nature and Culture\u201d), Kaunas Picture Gallery of the National Museum of M. K. \u010ciurlionis.<\/p>\n\n\n\n<p>2015 &nbsp;Diploma of the Lithuanian Artists Association in the exhibition \u201eThe Best artwork of the year 2014\u201d (for the sculpture \u201cActiveness\u201c), Kaunas Picture Gallery of the National Museum of M. K. \u010ciurlionis.<\/p>\n\n\n\n<p>2013 &nbsp;Individual State Grant of the Lithuanian Ministry of Culture for art and culture creators (for personal sculpture exhibition)<\/p>\n\n\n\n<p>2011 &nbsp;\u201cSculpture of the year\u201910\u201d \u2013&nbsp;Diploma for the most outstanding small sculpture of &nbsp;2010.<\/p>\n\n\n\n<p>2008 &nbsp;Lithuanian Print Exhibition \u201cEstampas 07 \u2013&nbsp;Honorable mention (for the print \u201cMaraton\u201d).&nbsp;<\/p>\n\n\n\n<p>2006 &nbsp;5th Egypt International Print Triennial&nbsp;\u2013 Certificates of merit (for the print \u201cPassers-by\u201d).<\/p>\n\n\n\n<p><\/p>\n\n\n\n<p><strong>Participation in Group shows with sculpture and installations<\/strong>:<\/p>\n\n\n\n<p>2024:<\/p>\n\n\n\n<p>Interdisciplinary exhibition Black \/ White, Lithuanian Artist\u2018s Association Kaunas section gallery \u201eDrob\u0117\u201c, Kaunas, Lithuania.<\/p>\n\n\n\n<p>Sculptura&nbsp;#2<em>, t<\/em>he second edition of the&nbsp;European sculpture and installation art exhibition. Gare Maritime (Tour &amp; Taxis space), Brussels, Belgium [2024 01 19-03 10].<\/p>\n\n\n\n<p>2023:<\/p>\n\n\n\n<p>Competitive exhibition \u201cBlack-white\u201d, Art Gallery Drob\u0117, Kaunas, Lithuania.<\/p>\n\n\n\n<p>Annual Exhibition of the members of the Lithuanian Artist&#8217;s Association (Kaunas&#8217; section). Art Gallery Drob\u0117, Kaunas, Lithuania.<\/p>\n\n\n\n<p> 2022:<\/p>\n\n\n\n<p>&#8220;Exhibition Nr. 1&#8221;, the first exhibition in the new art gallery Drob\u0117 of the Lithuanian Artist&#8217;s Association, Kaunas&#8217; section. Art Gallery Drob\u0117, Kaunas, Lithuania.<\/p>\n\n\n\n<p>2021:<\/p>\n\n\n\n<p>The 4th Kaunas International&nbsp;Printmaking&nbsp;Biennial \u201cThe Nature of Light\u201d. A. \u017dmuidzinavi\u010dius Creations and Collections Museum, Kaunas, Lithuania.<\/p>\n\n\n\n<p>2019:  <\/p>\n\n\n\n<p>4<sup>th<\/sup> Quadriennial of the Contemporary Art &#8220;Q19<em>:<\/em> Memorabilia. To record into memory\u201c, organized by Lithuanian Artists&#8217; Association . Exhibition &#8220;REALITY-MYTH-OBLIVION&#8221; (curator Nijole Nevcesauskiene), gallery &#8220;Meno parkas&#8221;, Kaunas, Lithuania. <\/p>\n\n\n\n<p>2018:<br>Thematic exhibition \u201cPotency-2\u201d (curator E.Mikalauskis), Siauliai Art Gallery, Lithuania.<\/p>\n\n\n\n<p>2017:<br> Group exhbition \u201eDimension of the Maquette\u201c (curator M.Jur\u0117nas), gallery \u201eMeno parkas\u201c, Kaunas, Lithuania. <\/p>\n\n\n\n<p>Exhibition \u201eThe Best artwork of the year 2016\u201c, Kaunas Picture Gallery of the National Museum of M. K. \u010ciurlionis.<\/p>\n\n\n\n<p> 2016-2017:<\/p>\n\n\n\n<p>Project \u201eSculptors for the 100th Independence of Lithuania\u201c (curators A.Jasiukevi\u010di\u016bt\u0117, D.Ku\u010das), travelling exhibition in different cities of Lithuania). <br><br>2016:<br>Exhibition \u201eThe Best artwork of the year 2015\u201c, Kaunas Picture Gallery of the National Museum of M. K. \u010ciurlionis.<\/p>\n\n\n\n<p>2015 August &#8211; 2016 June:<br>Participation with Sculpture works in the exhibitions in Rossocinabro gallery, Rome, Italy&nbsp;(curators Cristina Madini, Joe Hansen).<\/p>\n\n\n\n<p>2015:<br>Romart 2015, International Biennial of Art and Culture (curator Amedeo Demitry), Fierra di Roma, Italy.<\/p>\n\n\n\n<p>Exhibition \u201eThe Best artwork of the year 2014\u201c, Kaunas Picture Gallery of the National Museum of M. K. \u010ciurlionis.<\/p>\n\n\n\n<p>2010-2015:<br>5-year project \u201cSculptors read Donelaitis\u201d (curator D.Matulaite), St. John\u2019s Street Gallery, Vilnius, Lithuania<\/p>\n\n\n\n<p>2014:&nbsp;<\/p>\n\n\n\n<p>Quadriennial of Contemporary Art Q14 \u201eArt on a flagpole\u201c (Lithuanian Artists Association, curator V.Zukas), exhibition hall Basteja, Vilnius, Lithuania.<\/p>\n\n\n\n<p>2013: &nbsp;<\/p>\n\n\n\n<p>Exhibition of Sculpture and Graphic Art \u201cPotency\u201d (curator E.Mikalauskis), Picture gallery of the National M.K.\u010ciurlionis Art Museum, Kaunas; Siauliai Art gallery, Lithuania.<\/p>\n\n\n\n<p>2012: &nbsp;<\/p>\n\n\n\n<p>Small sculpture exhibition \u201cExchange\u201d (curator J.Belevicius), Klaipeda\u2019 Gallery, Lithuania.<\/p>\n\n\n\n<p>2011: &nbsp;<\/p>\n\n\n\n<p>\u201cSculpture of the year \u201910\u201d (curator M.Zavadskis),&nbsp;St. John\u2019s Street Gallery,Vilnius, Lithuania.<\/p>\n\n\n\n<p>2010: &nbsp;<\/p>\n\n\n\n<p>\u201cThe sculpture of the year \u201909\u201d (curator M.Zavadskis),&nbsp;St. John\u2019s Street Gallery,&nbsp;Vilnius, Lithuania<\/p>\n\n\n\n<p><strong>Sculpture for\nPublic Spaces:<\/strong><\/p>\n\n\n\n<p>2018 \u2013 Plaque for the contemporary poet Vladas Brazi\u016bnas, Literat\u0173 street, Vilnius, Lithuania.<\/p>\n\n\n\n<p>2016 \u2013 III<sup>rd<\/sup> place in the contest \u201cAccents for Kaunas\u201d (projects for the city spaces).<\/p>\n\n\n\n<p>\u2248 1992 \u2013 Portrait of Lithuanian writer Kristijonas Donelaitis (1714-1780) (Bas-relief, bronze), in K.Donelaitis Gymnasium, Kybartai, Lithuania.<\/p>\n\n\n\n<p>1989 \u2013 Portrait of Lithuanian writer Kristijonas Donelaitis (1714-1780) (Bas-relief, bronze), in the Literature and Art Museum of \u0104\u017euolynas\u2018 Secondary School in Elektr\u0117nai, Lithuania.<\/p>\n\n\n\n<p>1989 \u2013 II<sup>nd<\/sup> place in the contest (figurative sculpture for Lithuanian writer J.Jablonskis in Marijampole, Lithuania).<\/p>\n\n\n\n<p>~1989 \u2013 Bas-relief of Lithuanian writer K. Donelaitis in Kybartai city Gymnasium, Lithuania).<\/p>\n\n\n\n<p>\u2248 1986 \u2013 Commemorative plaque for Lithuanian writer and poet Simonas Stanevi\u010dius (1799-1848) (copper incuse), in the birthplace village Kanop\u0117nai, Raseiniai distr., Lithuania.<\/p>\n\n\n\n<p>\u2248 1986 \u2013 Commemorative plaque for Lithuanian linguist Jurgis Lebedys (1913-1970) (copper incuse with portrait bas-relief), in the birthplace village Devynduoniai, K\u0117dainiai distr., Lithuania.<\/p>\n\n\n\n<p>1981\/1982 \u2013 Commemorative plaque for Lithuanian writer Vyd\u016bnas (1868-1953) (copper incuse with portrait bas-relief), in Kintai (former Primary school), Lithuania (presently removed).<\/p>\n\n\n\n<p><strong>Participation in International Print exhibitions<\/strong>:<\/p>\n\n\n\n<p>2010:<\/p>\n\n\n\n<p>7th&nbsp;International Miniprint Triennial Vilnius 2010, Lithuania.<\/p>\n\n\n\n<p>International Print Triennial Oldenburg \u201cPrint without Borders\u201d, Germany (Project International Print Network Krakow-Oldenburg-Vienna).<\/p>\n\n\n\n<p><br>2009:<\/p>\n\n\n\n<p>2nd Guanlan International Print Biennial, China.<\/p>\n\n\n\n<p>International Digital Graphic Arts Biennial Gdynia 2008, Poland.&nbsp;<\/p>\n\n\n\n<p><br>2008:<\/p>\n\n\n\n<p>7th Lessedra World Print Annual Mini Print 2008, Bulgaria.<\/p>\n\n\n\n<p>The 2nd International Mini Print exhibition, Ottawa School of Art Gallery, Canada.<br>The 3rd International Experimental Engraving Biennial, Timisoara, Romania.<\/p>\n\n\n\n<p>The 7th Kochi International Triennial exhibition of Prints, Japan.<\/p>\n\n\n\n<p><br>2007:<\/p>\n\n\n\n<p>Miniprint Finland 2007, Lahti Art Museum, Finland.<\/p>\n\n\n\n<p>6th International Miniprint Triennial Vilnius 2007, Lithuania.<br><br><br>2006:<\/p>\n\n\n\n<p>The Iowa Biennial Exhibition of Contemporary Miniature Prints, Awarded Selection<br>III International Independent Print Biennial \u201cWhite Inter-nights\u201d BIN 2006, St. Petersburg (\u201cManiez\u201d), Russia.<br>Digital print in the Rural Arts forum at Birnam Arts centre (PVAF), Perthshire, Scotland.<\/p>\n\n\n\n<p>4th International Biennial of Miniature Art &#8220;Czestochowa 2006&#8221;, Poland.<br>4th International Miniature print biennial BIMPE, Canada.&nbsp;<br><br><br>2005:<\/p>\n\n\n\n<p>25th Miniprint International Cadaques 2005, Spain.&nbsp;<br>1st&nbsp; International Small Size Engraving Salon \u201eInter-Grabado 2005\u201c, Uruguay.<br><br>2004:<\/p>\n\n\n\n<p>5th International Triennial of Miniprints, Vilnius, Lithuania.<br>11th International Prints and Drawings Biennale, Taipey, Taiwan.<\/p>\n\n\n\n<p>&nbsp;<br><strong>Participation in Print exhibitions in Lithuania<\/strong>:<\/p>\n\n\n\n<p>2013 &nbsp;Exhibition \u201cFactory Series no. 1934\u201d, the Ministry of Fluxus\u201d (in the premises of the former Lithuanica shoe factory), Kaunas.<\/p>\n\n\n\n<p>2011 &nbsp;\u201cArt + Art of Communication. Ecosphere\u201d (Curator Violeta Jasevi\u010di\u016bt\u0117), Kaunas Picture Gallery, Lithuania.<\/p>\n\n\n\n<p>2010 &nbsp;Lithuanian Print Exhibition \u201cEstampas 09\u201d, Vilnius, Lithuania (March 2011 \u2013 Utena, Lithuania; June 2011 \u2013 Panevezys, Lithuania).<\/p>\n\n\n\n<p>2009 &nbsp;Project \u201eNew city face\u201d. Exhibition \u201cModified values\u201d, Vilnius Railway station, Lithuania.<\/p>\n\n\n\n<p>2009 &nbsp;Exhibition &#8220;Ordinary iconography: Lithuania 1970-1993&#8221;, Vilnius Railway station (Project &#8220;New City Face&#8221;), Lithuania.<\/p>\n\n\n\n<p>2008 &nbsp;Traditional and Digital&nbsp;Art exhibition &#8220;Paraphrases&#8221; (Project &#8220;Lithuanian Art 2008&#8221;), Lithuania (Ukmerge, Panevezys, Kaunas, Birstonas).<\/p>\n\n\n\n<p>2008 &nbsp;Lithuanian Print Exhibition \u201cEstampas 07\u201d, Vilnius, Lithuania.<\/p>\n\n\n\n<p>2007 &nbsp;Digital print exhibition, Central Library, Panevezys, Lithuania.<br>2007 &nbsp;Lithuanian Print Exhibition \u201cEstampas 06\u201d, gallery \u201eKair\u0117-De\u0161in\u0117\u201c, Vilnius, Lithuania.<\/p>\n\n\n\n<p>2006 &nbsp;Digital print exhibition \u201eThe Beginning of the End\u201c, gallery \u201eKair\u0117-De\u0161in\u0117\u201c, Vilnius, Lithuania.<br>2006 &nbsp;Lithuanian Print Exhibition \u201cEstampas 05\u201d, gallery \u201eKair\u0117-De\u0161in\u0117\u201c, Vilnius, Lithuania.&nbsp;<\/p>\n\n\n\n<p>2005 &nbsp;Lithuanian Print exhibition \u201cCoincidence\u201d, gallery \u201eKair\u0117-De\u0161in\u0117\u201c, Vilnius, Lithuania.<\/p>\n\n\n\n<p>2004 &nbsp;Lithuanian Print exhibition &#8220;Jazzy print II\u201d, Kaunas, Lithuania.<\/p>\n\n\n\n<p>2000 &nbsp;Group exhibition of the Teachers of Art Gymnasium \u201cArtists behind the screen\u201d, gallery \u201cEgle\u201d,&nbsp;Kaunas, Lithuania.<\/p>\n\n\n\n<p><strong>Solo print and drawing exhibitions<\/strong>:&nbsp;<\/p>\n\n\n\n<p>2004 &nbsp;Dry point, gallery \u201cEgle\u201d, Kaunas, Lithuania.<br>2003 &nbsp;Drawings \u201cMeditations\u201d,&nbsp;gallery \u201cEgle\u201d, Kaunas, Lithuania.<br>2002 &nbsp;Drawings and computer graphics \u201cLife is a game\u201d, gallery \u201cEgle\u201d, Kaunas, Lithuania.<br>2001 &nbsp;Drawings \u201cFootsteps\u201d, Textile gallery, Kaunas, Lithuania.<\/p>\n","protected":false},"excerpt":{"rendered":"<p>Solo, duo, trio sculpture and installations exhibitions: 2025 solo show of sculptural objects Ecological variations at The Oak Grove library (Kaunas county public library), Kaunas, Lithuania. 2021 installations solo show \u201c(Ecological) Alterations\u201d at Klaip\u0117da Culture Communications Centre, Lithuania. 2018 installations show \u201cAlterations\u201d in the two artists exhibition, St. John\u2019s Street Gallery,&nbsp;Vilnius, Lithuania. 2016 installations show &hellip; <\/p>\n<p class=\"link-more\"><a href=\"https:\/\/dackeviciute.org\/index.php\/sample-page\/\" class=\"more-link\">Continue reading<span class=\"screen-reader-text\"> &#8220;CV&#8221;<\/span><\/a><\/p>\n","protected":false},"author":1,"featured_media":0,"parent":0,"menu_order":2,"comment_status":"closed","ping_status":"closed","template":"","meta":{"two_page_speed":[],"footnotes":""},"class_list":["post-2","page","type-page","status-publish","hentry"],"yoast_head":"<!-- This site is optimized with the Yoast SEO plugin v27.3 - https:\/\/yoast.com\/product\/yoast-seo-wordpress\/ -->\n<title>CV - Sigita Dackeviciute Art<\/title>\n<meta name=\"robots\" content=\"index, follow, max-snippet:-1, max-image-preview:large, max-video-preview:-1\" \/>\n<link rel=\"canonical\" href=\"https:\/\/dackeviciute.org\/index.php\/sample-page\/\" \/>\n<meta property=\"og:locale\" content=\"en_US\" \/>\n<meta property=\"og:type\" content=\"article\" \/>\n<meta property=\"og:title\" content=\"CV - Sigita Dackeviciute Art\" \/>\n<meta property=\"og:description\" content=\"Solo, duo, trio sculpture and installations exhibitions: 2025 solo show of sculptural objects Ecological variations at The Oak Grove library (Kaunas county public library), Kaunas, Lithuania. 2021 installations solo show \u201c(Ecological) Alterations\u201d at Klaip\u0117da Culture Communications Centre, Lithuania. 2018 installations show \u201cAlterations\u201d in the two artists exhibition, St. John\u2019s Street Gallery,&nbsp;Vilnius, Lithuania. 2016 installations show &hellip; Continue reading &quot;CV&quot;\" \/>\n<meta property=\"og:url\" content=\"https:\/\/dackeviciute.org\/index.php\/sample-page\/\" \/>\n<meta property=\"og:site_name\" content=\"Sigita Dackeviciute Art\" \/>\n<meta property=\"article:publisher\" content=\"https:\/\/www.facebook.com\/sigita.dackeviciute\/\" \/>\n<meta property=\"article:modified_time\" content=\"2025-03-12T21:14:42+00:00\" \/>\n<meta name=\"twitter:card\" content=\"summary_large_image\" \/>\n<meta name=\"twitter:label1\" content=\"Est. reading time\" \/>\n\t<meta name=\"twitter:data1\" content=\"6 minutes\" \/>\n<script type=\"application\/ld+json\" class=\"yoast-schema-graph\">{\"@context\":\"https:\\\/\\\/schema.org\",\"@graph\":[{\"@type\":\"WebPage\",\"@id\":\"https:\\\/\\\/dackeviciute.org\\\/index.php\\\/sample-page\\\/\",\"url\":\"https:\\\/\\\/dackeviciute.org\\\/index.php\\\/sample-page\\\/\",\"name\":\"CV - Sigita Dackeviciute Art\",\"isPartOf\":{\"@id\":\"https:\\\/\\\/dackeviciute.org\\\/#website\"},\"datePublished\":\"2019-02-18T07:59:10+00:00\",\"dateModified\":\"2025-03-12T21:14:42+00:00\",\"breadcrumb\":{\"@id\":\"https:\\\/\\\/dackeviciute.org\\\/index.php\\\/sample-page\\\/#breadcrumb\"},\"inLanguage\":\"en-US\",\"potentialAction\":[{\"@type\":\"ReadAction\",\"target\":[\"https:\\\/\\\/dackeviciute.org\\\/index.php\\\/sample-page\\\/\"]}]},{\"@type\":\"BreadcrumbList\",\"@id\":\"https:\\\/\\\/dackeviciute.org\\\/index.php\\\/sample-page\\\/#breadcrumb\",\"itemListElement\":[{\"@type\":\"ListItem\",\"position\":1,\"name\":\"Home\",\"item\":\"https:\\\/\\\/dackeviciute.org\\\/\"},{\"@type\":\"ListItem\",\"position\":2,\"name\":\"CV\"}]},{\"@type\":\"WebSite\",\"@id\":\"https:\\\/\\\/dackeviciute.org\\\/#website\",\"url\":\"https:\\\/\\\/dackeviciute.org\\\/\",\"name\":\"Sigita Dackeviciute Art\",\"description\":\"Sigita Dackeviciute&#039;s Contemporary Art, Sculpture, Installations, Ecology Art, Abstract Art, Print\",\"publisher\":{\"@id\":\"https:\\\/\\\/dackeviciute.org\\\/#organization\"},\"potentialAction\":[{\"@type\":\"SearchAction\",\"target\":{\"@type\":\"EntryPoint\",\"urlTemplate\":\"https:\\\/\\\/dackeviciute.org\\\/?s={search_term_string}\"},\"query-input\":{\"@type\":\"PropertyValueSpecification\",\"valueRequired\":true,\"valueName\":\"search_term_string\"}}],\"inLanguage\":\"en-US\"},{\"@type\":\"Organization\",\"@id\":\"https:\\\/\\\/dackeviciute.org\\\/#organization\",\"name\":\"Sigita Dackeviciute Art\",\"url\":\"https:\\\/\\\/dackeviciute.org\\\/\",\"logo\":{\"@type\":\"ImageObject\",\"inLanguage\":\"en-US\",\"@id\":\"https:\\\/\\\/dackeviciute.org\\\/#\\\/schema\\\/logo\\\/image\\\/\",\"url\":\"https:\\\/\\\/dackeviciute.org\\\/wp-content\\\/uploads\\\/2019\\\/02\\\/SIG_GR1.jpg\",\"contentUrl\":\"https:\\\/\\\/dackeviciute.org\\\/wp-content\\\/uploads\\\/2019\\\/02\\\/SIG_GR1.jpg\",\"width\":198,\"height\":198,\"caption\":\"Sigita Dackeviciute Art\"},\"image\":{\"@id\":\"https:\\\/\\\/dackeviciute.org\\\/#\\\/schema\\\/logo\\\/image\\\/\"},\"sameAs\":[\"https:\\\/\\\/www.facebook.com\\\/sigita.dackeviciute\\\/\",\"https:\\\/\\\/www.instagram.com\\\/sigita_art\\\/\"]}]}<\/script>\n<!-- \/ Yoast SEO plugin. -->","yoast_head_json":{"title":"CV - Sigita Dackeviciute Art","robots":{"index":"index","follow":"follow","max-snippet":"max-snippet:-1","max-image-preview":"max-image-preview:large","max-video-preview":"max-video-preview:-1"},"canonical":"https:\/\/dackeviciute.org\/index.php\/sample-page\/","og_locale":"en_US","og_type":"article","og_title":"CV - Sigita Dackeviciute Art","og_description":"Solo, duo, trio sculpture and installations exhibitions: 2025 solo show of sculptural objects Ecological variations at The Oak Grove library (Kaunas county public library), Kaunas, Lithuania. 2021 installations solo show \u201c(Ecological) Alterations\u201d at Klaip\u0117da Culture Communications Centre, Lithuania. 2018 installations show \u201cAlterations\u201d in the two artists exhibition, St. John\u2019s Street Gallery,&nbsp;Vilnius, Lithuania. 2016 installations show &hellip; Continue reading \"CV\"","og_url":"https:\/\/dackeviciute.org\/index.php\/sample-page\/","og_site_name":"Sigita Dackeviciute Art","article_publisher":"https:\/\/www.facebook.com\/sigita.dackeviciute\/","article_modified_time":"2025-03-12T21:14:42+00:00","twitter_card":"summary_large_image","twitter_misc":{"Est. reading time":"6 minutes"},"schema":{"@context":"https:\/\/schema.org","@graph":[{"@type":"WebPage","@id":"https:\/\/dackeviciute.org\/index.php\/sample-page\/","url":"https:\/\/dackeviciute.org\/index.php\/sample-page\/","name":"CV - Sigita Dackeviciute Art","isPartOf":{"@id":"https:\/\/dackeviciute.org\/#website"},"datePublished":"2019-02-18T07:59:10+00:00","dateModified":"2025-03-12T21:14:42+00:00","breadcrumb":{"@id":"https:\/\/dackeviciute.org\/index.php\/sample-page\/#breadcrumb"},"inLanguage":"en-US","potentialAction":[{"@type":"ReadAction","target":["https:\/\/dackeviciute.org\/index.php\/sample-page\/"]}]},{"@type":"BreadcrumbList","@id":"https:\/\/dackeviciute.org\/index.php\/sample-page\/#breadcrumb","itemListElement":[{"@type":"ListItem","position":1,"name":"Home","item":"https:\/\/dackeviciute.org\/"},{"@type":"ListItem","position":2,"name":"CV"}]},{"@type":"WebSite","@id":"https:\/\/dackeviciute.org\/#website","url":"https:\/\/dackeviciute.org\/","name":"Sigita Dackeviciute Art","description":"Sigita Dackeviciute&#039;s Contemporary Art, Sculpture, Installations, Ecology Art, Abstract Art, Print","publisher":{"@id":"https:\/\/dackeviciute.org\/#organization"},"potentialAction":[{"@type":"SearchAction","target":{"@type":"EntryPoint","urlTemplate":"https:\/\/dackeviciute.org\/?s={search_term_string}"},"query-input":{"@type":"PropertyValueSpecification","valueRequired":true,"valueName":"search_term_string"}}],"inLanguage":"en-US"},{"@type":"Organization","@id":"https:\/\/dackeviciute.org\/#organization","name":"Sigita Dackeviciute Art","url":"https:\/\/dackeviciute.org\/","logo":{"@type":"ImageObject","inLanguage":"en-US","@id":"https:\/\/dackeviciute.org\/#\/schema\/logo\/image\/","url":"https:\/\/dackeviciute.org\/wp-content\/uploads\/2019\/02\/SIG_GR1.jpg","contentUrl":"https:\/\/dackeviciute.org\/wp-content\/uploads\/2019\/02\/SIG_GR1.jpg","width":198,"height":198,"caption":"Sigita Dackeviciute Art"},"image":{"@id":"https:\/\/dackeviciute.org\/#\/schema\/logo\/image\/"},"sameAs":["https:\/\/www.facebook.com\/sigita.dackeviciute\/","https:\/\/www.instagram.com\/sigita_art\/"]}]}},"jetpack_sharing_enabled":true,"_links":{"self":[{"href":"https:\/\/dackeviciute.org\/index.php\/wp-json\/wp\/v2\/pages\/2","targetHints":{"allow":["GET"]}}],"collection":[{"href":"https:\/\/dackeviciute.org\/index.php\/wp-json\/wp\/v2\/pages"}],"about":[{"href":"https:\/\/dackeviciute.org\/index.php\/wp-json\/wp\/v2\/types\/page"}],"author":[{"embeddable":true,"href":"https:\/\/dackeviciute.org\/index.php\/wp-json\/wp\/v2\/users\/1"}],"replies":[{"embeddable":true,"href":"https:\/\/dackeviciute.org\/index.php\/wp-json\/wp\/v2\/comments?post=2"}],"version-history":[{"count":17,"href":"https:\/\/dackeviciute.org\/index.php\/wp-json\/wp\/v2\/pages\/2\/revisions"}],"predecessor-version":[{"id":303,"href":"https:\/\/dackeviciute.org\/index.php\/wp-json\/wp\/v2\/pages\/2\/revisions\/303"}],"wp:attachment":[{"href":"https:\/\/dackeviciute.org\/index.php\/wp-json\/wp\/v2\/media?parent=2"}],"curies":[{"name":"wp","href":"https:\/\/api.w.org\/{rel}","templated":true}]}}